{"id":6478,"date":"2021-09-22T19:38:33","date_gmt":"2021-09-22T17:38:33","guid":{"rendered":"https:\/\/www.mares-enginyers.com\/?page_id=6478\/"},"modified":"2021-09-29T19:50:18","modified_gmt":"2021-09-29T17:50:18","slug":"fotovoltaica-cat","status":"publish","type":"page","link":"https:\/\/www.mares-enginyers.com\/ca\/fotovoltaica-cat\/","title":{"rendered":"Fotovoltaica"},"content":{"rendered":"<p>[et_pb_section fb_built=&#8221;1&#8243; fullwidth=&#8221;on&#8221; admin_label=&#8221;section&#8221; _builder_version=&#8221;3.22&#8243; parallax=&#8221;on&#8221; global_colors_info=&#8221;{}&#8221;][et_pb_fullwidth_slider admin_label=&#8221;Fullwidth Slider&#8221; _builder_version=&#8221;3.16&#8243; parallax=&#8221;on&#8221; custom_padding=&#8221;|||&#8221; custom_padding_tablet=&#8221;|||&#8221; custom_padding_phone=&#8221;|||&#8221; box_shadow_style=&#8221;preset6&#8243; box_shadow_blur=&#8221;10px&#8221; box_shadow_color=&#8221;rgba(0,0,0,0.1)&#8221; remove_inner_shadow=&#8221;off&#8221; hide_content_on_mobile=&#8221;off&#8221; hide_cta_on_mobile=&#8221;off&#8221; show_inner_shadow=&#8221;on&#8221; button_letter_spacing_hover=&#8221;0&#8243; global_colors_info=&#8221;{}&#8221; button_text_size__hover_enabled=&#8221;off&#8221; button_one_text_size__hover_enabled=&#8221;off&#8221; button_two_text_size__hover_enabled=&#8221;off&#8221; button_text_color__hover_enabled=&#8221;off&#8221; button_one_text_color__hover_enabled=&#8221;off&#8221; button_two_text_color__hover_enabled=&#8221;off&#8221; button_border_width__hover_enabled=&#8221;off&#8221; button_one_border_width__hover_enabled=&#8221;off&#8221; button_two_border_width__hover_enabled=&#8221;off&#8221; button_border_color__hover_enabled=&#8221;off&#8221; button_one_border_color__hover_enabled=&#8221;off&#8221; button_two_border_color__hover_enabled=&#8221;off&#8221; button_border_radius__hover_enabled=&#8221;off&#8221; button_one_border_radius__hover_enabled=&#8221;off&#8221; button_two_border_radius__hover_enabled=&#8221;off&#8221; button_letter_spacing__hover_enabled=&#8221;on&#8221; button_letter_spacing__hover=&#8221;0&#8243; button_one_letter_spacing__hover_enabled=&#8221;off&#8221; button_two_letter_spacing__hover_enabled=&#8221;off&#8221; button_bg_color__hover_enabled=&#8221;off&#8221; button_one_bg_color__hover_enabled=&#8221;off&#8221; button_two_bg_color__hover_enabled=&#8221;off&#8221;][et_pb_slide use_bg_overlay=&#8221;off&#8221; use_text_overlay=&#8221;off&#8221; _builder_version=&#8221;3.16&#8243; header_font=&#8221;||||&#8221; body_font=&#8221;||||&#8221; background_color=&#8221;#ffffff&#8221; background_image=&#8221;https:\/\/www.mares-enginyers.com\/wp-content\/uploads\/pavello_bn.jpg&#8221; button_icon_placement=&#8221;right&#8221; button_on_hover=&#8221;on&#8221; global_colors_info=&#8221;{}&#8221; button_text_size__hover_enabled=&#8221;off&#8221; button_one_text_size__hover_enabled=&#8221;off&#8221; button_two_text_size__hover_enabled=&#8221;off&#8221; button_text_color__hover_enabled=&#8221;off&#8221; button_one_text_color__hover_enabled=&#8221;off&#8221; button_two_text_color__hover_enabled=&#8221;off&#8221; button_border_width__hover_enabled=&#8221;off&#8221; button_one_border_width__hover_enabled=&#8221;off&#8221; button_two_border_width__hover_enabled=&#8221;off&#8221; button_border_color__hover_enabled=&#8221;off&#8221; button_one_border_color__hover_enabled=&#8221;off&#8221; button_two_border_color__hover_enabled=&#8221;off&#8221; button_border_radius__hover_enabled=&#8221;off&#8221; button_one_border_radius__hover_enabled=&#8221;off&#8221; button_two_border_radius__hover_enabled=&#8221;off&#8221; button_letter_spacing__hover_enabled=&#8221;off&#8221; button_one_letter_spacing__hover_enabled=&#8221;off&#8221; button_two_letter_spacing__hover_enabled=&#8221;off&#8221; button_bg_color__hover_enabled=&#8221;off&#8221; button_one_bg_color__hover_enabled=&#8221;off&#8221; button_two_bg_color__hover_enabled=&#8221;off&#8221; sticky_transition=&#8221;on&#8221;]<\/p>\n<h1 class=\"me_empresa-titulo\">Solar Fotovoltaica<\/h1>\n<p>[\/et_pb_slide][\/et_pb_fullwidth_slider][\/et_pb_section][et_pb_section fb_built=&#8221;1&#8243; custom_padding_last_edited=&#8221;on|desktop&#8221; admin_label=&#8221;section&#8221; _builder_version=&#8221;3.22&#8243; background_color=&#8221;#2ea3f2&#8243; parallax=&#8221;on&#8221; parallax_method=&#8221;off&#8221; custom_padding_tablet=&#8221;50px|0|50px|0&#8243; custom_padding_phone=&#8221;&#8221; transparent_background=&#8221;off&#8221; padding_mobile=&#8221;off&#8221; make_fullwidth=&#8221;off&#8221; use_custom_width=&#8221;off&#8221; width_unit=&#8221;on&#8221; global_colors_info=&#8221;{}&#8221;][et_pb_row admin_label=&#8221;row&#8221; _builder_version=&#8221;3.25&#8243; background_size=&#8221;initial&#8221; background_position=&#8221;top_left&#8221; background_repeat=&#8221;repeat&#8221; global_colors_info=&#8221;{}&#8221;][et_pb_column type=&#8221;4_4&#8243; _builder_version=&#8221;3.25&#8243; custom_padding=&#8221;|||&#8221; global_colors_info=&#8221;{}&#8221; custom_padding__hover=&#8221;|||&#8221;][et_pb_text admin_label=&#8221;Text&#8221; _builder_version=&#8221;4.10.7&#8243; background_size=&#8221;initial&#8221; background_position=&#8221;top_left&#8221; background_repeat=&#8221;repeat&#8221; text_orientation=&#8221;center&#8221; background_layout=&#8221;dark&#8221; module_alignment=&#8221;center&#8221; hover_enabled=&#8221;0&#8243; border_style=&#8221;solid&#8221; global_colors_info=&#8221;{}&#8221; custom_padding=&#8221;||0px|||&#8221; sticky_enabled=&#8221;0&#8243;]<\/p>\n<p class=\"me_sub-title\">Experts en energia solar fotovoltaica<\/p>\n<p>[\/et_pb_text][\/et_pb_column][\/et_pb_row][\/et_pb_section][et_pb_section fb_built=&#8221;1&#8243; admin_label=&#8221;section&#8221; _builder_version=&#8221;3.22&#8243; global_colors_info=&#8221;{}&#8221;][et_pb_row column_structure=&#8221;1_2,1_2&#8243; admin_label=&#8221;row&#8221; _builder_version=&#8221;3.25&#8243; background_size=&#8221;initial&#8221; background_position=&#8221;top_left&#8221; background_repeat=&#8221;repeat&#8221; global_colors_info=&#8221;{}&#8221;][et_pb_column type=&#8221;1_2&#8243; _builder_version=&#8221;3.25&#8243; custom_padding=&#8221;|||&#8221; global_colors_info=&#8221;{}&#8221; custom_padding__hover=&#8221;|||&#8221;][et_pb_text admin_label=&#8221;Text&#8221; module_class=&#8221;me_servicios-item&#8221; _builder_version=&#8221;4.10.7&#8243; background_size=&#8221;initial&#8221; background_position=&#8221;top_left&#8221; background_repeat=&#8221;repeat&#8221; hover_enabled=&#8221;0&#8243; border_style=&#8221;solid&#8221; global_colors_info=&#8221;{}&#8221; sticky_enabled=&#8221;0&#8243;]<\/p>\n<h2 class=\"me_highlight\">Mar\u00e9s Enginyers<\/h2>\n<p class=\"me_slim\">som experts en la redacci\u00f3 de projectes per la construcci\u00f3 i legalitzaci\u00f3 d&#8217;instal\u00b7lacions soalrs fotovoltaiques d&#8217;autoconsum o de generaci\u00f3.<\/p>\n<p class=\"me_slim\">Realitzem els estudis de viabilitat t\u00e8cnics i econ\u00f2mics, assessorant en el tipus de camp, potencia a instal\u00b7lar i tipus de connexi\u00f3 a la xarxa de distribuci\u00f3.<\/p>\n<p class=\"me_slim\">\n<p class=\"me_slim\">Els models d&#8217;autoconsum amb excedents son:<\/p>\n<p>[\/et_pb_text][et_pb_text admin_label=&#8221;Texto&#8221; _builder_version=&#8221;4.10.7&#8243; background_size=&#8221;initial&#8221; background_position=&#8221;top_left&#8221; background_repeat=&#8221;repeat&#8221; hover_enabled=&#8221;0&#8243; border_style=&#8221;solid&#8221; global_colors_info=&#8221;{}&#8221; sticky_enabled=&#8221;0&#8243;]<\/p>\n<div class=\"me_icon\">\n<ul class=\"me_icon-list\">\n<li><span class=\"me_special-star\"><i>Autoconsum amb compensaci\u00f3 fins a 15 kW en s\u00f2l urb\u00e0<\/i><\/span><\/li>\n<li><span class=\"me_special-star\"><i>Autoconsum amb compensaci\u00f3 fins a 100 kW\u00a0<\/i><\/span><\/li>\n<li><span class=\"me_special-star\"><i>Autoconsum amb venda\u00a0 fins a 10 kW<\/i><\/span><\/li>\n<li><span class=\"me_special-star\"><i>Autoconsum amb venda\u00a0 de 10 kW a 100 kW<\/i><\/span><\/li>\n<li><span class=\"me_special-star\"><i>Autoconsum amb venda\u00a0 fins a 10 kW<\/i><\/span><\/li>\n<li><span class=\"me_special-star\"><i>Autoconsum amb venda\u00a0 amb mes de 100 kW<\/i><\/span><\/li>\n<\/ul>\n<p class=\"me_highlight me_slim\">Els models d&#8217;autoconsum sense excedents son:<\/p>\n<ul class=\"me_icon-list\">\n<li><span class=\"me_special-star\"><i>Autoconsum fins a 100 kW<\/i><\/span><\/li>\n<li><span class=\"me_special-star\"><i>Autoconsum a partir de 100 kW<\/i><\/span><\/li>\n<\/ul>\n<\/div>\n<p>[\/et_pb_text][\/et_pb_column][et_pb_column type=&#8221;1_2&#8243; _builder_version=&#8221;3.25&#8243; custom_padding=&#8221;|||&#8221; global_colors_info=&#8221;{}&#8221; custom_padding__hover=&#8221;|||&#8221;][et_pb_image src=&#8221;https:\/\/www.mares-enginyers.com\/wp-content\/uploads\/camp.jpg&#8221; align=&#8221;center&#8221; align_tablet=&#8221;center&#8221; align_phone=&#8221;&#8221; align_last_edited=&#8221;on|desktop&#8221; admin_label=&#8221;Imagen&#8221; _builder_version=&#8221;4.10.7&#8243; custom_margin=&#8221;5%|||&#8221; animation_style=&#8221;slide&#8221; animation_direction=&#8221;left&#8221; animation_duration=&#8221;500ms&#8221; animation_intensity_slide=&#8221;10%&#8221; hover_enabled=&#8221;0&#8243; use_border_color=&#8221;off&#8221; border_color=&#8221;#ffffff&#8221; border_style=&#8221;solid&#8221; animation=&#8221;left&#8221; sticky=&#8221;off&#8221; always_center_on_mobile=&#8221;on&#8221; global_colors_info=&#8221;{}&#8221; title_text=&#8221;camp&#8221; sticky_enabled=&#8221;0&#8243;][\/et_pb_image][et_pb_image src=&#8221;https:\/\/www.mares-enginyers.com\/wp-content\/uploads\/IMG-20210211-WA0007.jpg&#8221; align=&#8221;center&#8221; align_tablet=&#8221;center&#8221; align_phone=&#8221;&#8221; align_last_edited=&#8221;on|desktop&#8221; admin_label=&#8221;Imagen&#8221; _builder_version=&#8221;4.10.7&#8243; custom_margin=&#8221;10%|||&#8221; animation_style=&#8221;slide&#8221; animation_direction=&#8221;left&#8221; animation_duration=&#8221;500ms&#8221; animation_intensity_slide=&#8221;10%&#8221; hover_enabled=&#8221;0&#8243; use_border_color=&#8221;off&#8221; border_color=&#8221;#ffffff&#8221; border_style=&#8221;solid&#8221; animation=&#8221;left&#8221; sticky=&#8221;off&#8221; always_center_on_mobile=&#8221;on&#8221; global_colors_info=&#8221;{}&#8221; title_text=&#8221;IMG-20210211-WA0007&#8243; sticky_enabled=&#8221;0&#8243;][\/et_pb_image][\/et_pb_column][\/et_pb_row][\/et_pb_section][et_pb_section fb_built=&#8221;1&#8243; custom_padding_last_edited=&#8221;on|desktop&#8221; admin_label=&#8221;section&#8221; _builder_version=&#8221;3.22&#8243; background_color=&#8221;#2071c2&#8243; custom_padding_tablet=&#8221;50px|0|50px|0&#8243; custom_padding_phone=&#8221;&#8221; transparent_background=&#8221;off&#8221; padding_mobile=&#8221;off&#8221; make_fullwidth=&#8221;off&#8221; use_custom_width=&#8221;off&#8221; width_unit=&#8221;on&#8221; global_colors_info=&#8221;{}&#8221;][et_pb_row column_structure=&#8221;1_4,1_4,1_4,1_4&#8243; admin_label=&#8221;row&#8221; _builder_version=&#8221;3.25&#8243; background_size=&#8221;initial&#8221; background_position=&#8221;top_left&#8221; background_repeat=&#8221;repeat&#8221; global_colors_info=&#8221;{}&#8221;][et_pb_column type=&#8221;1_4&#8243; _builder_version=&#8221;3.25&#8243; custom_padding=&#8221;|||&#8221; global_colors_info=&#8221;{}&#8221; custom_padding__hover=&#8221;|||&#8221;][et_pb_number_counter title=&#8221;Clients Satisfets&#8221; number=&#8221;100&#8243; admin_label=&#8221;Number Counter&#8221; _builder_version=&#8221;3.0.87&#8243; number_text_color=&#8221;#2da9ff&#8221; background_size=&#8221;initial&#8221; background_position=&#8221;top_left&#8221; background_repeat=&#8221;repeat&#8221; background_layout=&#8221;dark&#8221; use_border_color=&#8221;off&#8221; border_color=&#8221;#ffffff&#8221; border_style=&#8221;solid&#8221; global_colors_info=&#8221;{}&#8221;][\/et_pb_number_counter][\/et_pb_column][et_pb_column type=&#8221;1_4&#8243; _builder_version=&#8221;3.25&#8243; custom_padding=&#8221;|||&#8221; global_colors_info=&#8221;{}&#8221; custom_padding__hover=&#8221;|||&#8221;][et_pb_number_counter title=&#8221;Llic\u00e8ncies obtingudes&#8221; number=&#8221;100&#8243; counter_color=&#8221;#2789ed&#8221; admin_label=&#8221;Number Counter&#8221; _builder_version=&#8221;3.0.87&#8243; background_size=&#8221;initial&#8221; background_position=&#8221;top_left&#8221; background_repeat=&#8221;repeat&#8221; background_layout=&#8221;dark&#8221; use_border_color=&#8221;off&#8221; border_color=&#8221;#ffffff&#8221; border_style=&#8221;solid&#8221; global_colors_info=&#8221;{}&#8221;][\/et_pb_number_counter][\/et_pb_column][et_pb_column type=&#8221;1_4&#8243; _builder_version=&#8221;3.25&#8243; custom_padding=&#8221;|||&#8221; global_colors_info=&#8221;{}&#8221; custom_padding__hover=&#8221;|||&#8221;][et_pb_number_counter title=&#8221;Dies de dur treball&#8221; number=&#8221;365&#8243; percent_sign=&#8221;off&#8221; counter_color=&#8221;#0c4986&#8243; admin_label=&#8221;Number Counter&#8221; _builder_version=&#8221;3.0.87&#8243; background_size=&#8221;initial&#8221; background_position=&#8221;top_left&#8221; background_repeat=&#8221;repeat&#8221; background_layout=&#8221;dark&#8221; use_border_color=&#8221;off&#8221; border_color=&#8221;#ffffff&#8221; border_style=&#8221;solid&#8221; global_colors_info=&#8221;{}&#8221;][\/et_pb_number_counter][\/et_pb_column][et_pb_column type=&#8221;1_4&#8243; _builder_version=&#8221;3.25&#8243; custom_padding=&#8221;|||&#8221; global_colors_info=&#8221;{}&#8221; custom_padding__hover=&#8221;|||&#8221;][et_pb_number_counter title=&#8221;Resultats satisfactoris&#8221; number=&#8221;22&#8243; percent_sign=&#8221;off&#8221; counter_color=&#8221;#153557&#8243; admin_label=&#8221;Number Counter&#8221; _builder_version=&#8221;3.0.87&#8243; background_size=&#8221;initial&#8221; background_position=&#8221;top_left&#8221; background_repeat=&#8221;repeat&#8221; background_layout=&#8221;dark&#8221; use_border_color=&#8221;off&#8221; border_color=&#8221;#ffffff&#8221; border_style=&#8221;solid&#8221; global_colors_info=&#8221;{}&#8221;][\/et_pb_number_counter][\/et_pb_column][\/et_pb_row][\/et_pb_section][et_pb_section fb_built=&#8221;1&#8243; admin_label=&#8221;section&#8221; _builder_version=&#8221;3.22&#8243; background_color=&#8221;#f7f7f7&#8243; global_colors_info=&#8221;{}&#8221;][et_pb_row admin_label=&#8221;row&#8221; _builder_version=&#8221;3.25&#8243; background_size=&#8221;initial&#8221; background_position=&#8221;top_left&#8221; background_repeat=&#8221;repeat&#8221; global_colors_info=&#8221;{}&#8221;][et_pb_column type=&#8221;4_4&#8243; _builder_version=&#8221;3.25&#8243; custom_padding=&#8221;|||&#8221; global_colors_info=&#8221;{}&#8221; custom_padding__hover=&#8221;|||&#8221;][et_pb_cta title=&#8221;No dubtis a consultar-nos&#8221; button_url=&#8221;\/contacte\/&#8221; button_text=&#8221;Sal\u00fada&#8217;ns!&#8221; admin_label=&#8221;Call To Action&#8221; _builder_version=&#8221;3.16&#8243; use_background_color=&#8221;off&#8221; background_size=&#8221;initial&#8221; background_position=&#8221;top_left&#8221; background_repeat=&#8221;repeat&#8221; custom_button=&#8221;on&#8221; button_border_radius=&#8221;0&#8243; button_icon=&#8221;%%5%%&#8221; background_layout=&#8221;light&#8221; button_letter_spacing_hover=&#8221;0&#8243; use_border_color=&#8221;off&#8221; border_color=&#8221;#ffffff&#8221; border_style=&#8221;solid&#8221; global_colors_info=&#8221;{}&#8221; button_text_size__hover_enabled=&#8221;off&#8221; button_one_text_size__hover_enabled=&#8221;off&#8221; button_two_text_size__hover_enabled=&#8221;off&#8221; button_text_color__hover_enabled=&#8221;off&#8221; button_one_text_color__hover_enabled=&#8221;off&#8221; button_two_text_color__hover_enabled=&#8221;off&#8221; button_border_width__hover_enabled=&#8221;off&#8221; button_one_border_width__hover_enabled=&#8221;off&#8221; button_two_border_width__hover_enabled=&#8221;off&#8221; button_border_color__hover_enabled=&#8221;off&#8221; button_one_border_color__hover_enabled=&#8221;off&#8221; button_two_border_color__hover_enabled=&#8221;off&#8221; button_border_radius__hover_enabled=&#8221;off&#8221; button_one_border_radius__hover_enabled=&#8221;off&#8221; button_two_border_radius__hover_enabled=&#8221;off&#8221; button_letter_spacing__hover_enabled=&#8221;on&#8221; button_letter_spacing__hover=&#8221;0&#8243; button_one_letter_spacing__hover_enabled=&#8221;off&#8221; button_two_letter_spacing__hover_enabled=&#8221;off&#8221; button_bg_color__hover_enabled=&#8221;off&#8221; button_one_bg_color__hover_enabled=&#8221;off&#8221; button_two_bg_color__hover_enabled=&#8221;off&#8221;][\/et_pb_cta][\/et_pb_column][\/et_pb_row][\/et_pb_section][et_pb_section fb_built=&#8221;1&#8243; fullwidth=&#8221;on&#8221; admin_label=&#8221;Secci\u00f3n&#8221; _builder_version=&#8221;3.22&#8243; global_colors_info=&#8221;{}&#8221;][et_pb_fullwidth_portfolio title=&#8221;Projectes Relacionats&#8221; include_categories=&#8221;75&#8243; admin_label=&#8221;Portafolios de anchura completa&#8221; _builder_version=&#8221;3.0.87&#8243; background_size=&#8221;initial&#8221; background_position=&#8221;top_left&#8221; background_repeat=&#8221;repeat&#8221; use_border_color=&#8221;off&#8221; border_color=&#8221;#ffffff&#8221; border_style=&#8221;solid&#8221; global_colors_info=&#8221;{}&#8221;][\/et_pb_fullwidth_portfolio][\/et_pb_section]<\/p>\n","protected":false},"excerpt":{"rendered":"<p>Solar FotovoltaicaExperts en energia solar fotovoltaicaMar\u00e9s Enginyers som experts en la redacci\u00f3 de projectes per la construcci\u00f3 i legalitzaci\u00f3 d&#8217;instal\u00b7lacions soalrs fotovoltaiques d&#8217;autoconsum o de generaci\u00f3. Realitzem els estudis de viabilitat t\u00e8cnics i econ\u00f2mics, assessorant en el tipus de camp, potencia a instal\u00b7lar i tipus de connexi\u00f3 a la xarxa de distribuci\u00f3. Els models d&#8217;autoconsum [&hellip;]<\/p>\n","protected":false},"author":3,"featured_media":0,"parent":0,"menu_order":0,"comment_status":"closed","ping_status":"closed","template":"","meta":{"_et_pb_use_builder":"on","_et_pb_old_content":"","_et_gb_content_width":""},"yoast_head":"<!-- This site is optimized with the Yoast SEO plugin v17.1 - https:\/\/yoast.com\/wordpress\/plugins\/seo\/ -->\n<title>Fotovoltaica - Mar\u00e9s Enginyers<\/title>\n<meta name=\"description\" content=\"Fotovoltaica - Mar\u00e9s Enginyers\" \/>\n<meta name=\"robots\" content=\"index, follow, max-snippet:-1, max-image-preview:large, max-video-preview:-1\" \/>\n<link rel=\"canonical\" href=\"https:\/\/www.mares-enginyers.com\/ca\/inici\/fotovoltaica-cat\/\" \/>\n<meta property=\"og:locale\" content=\"ca_ES\" \/>\n<meta property=\"og:type\" content=\"article\" \/>\n<meta property=\"og:title\" content=\"Fotovoltaica - Mar\u00e9s Enginyers\" \/>\n<meta property=\"og:description\" content=\"Fotovoltaica - Mar\u00e9s Enginyers\" \/>\n<meta property=\"og:url\" content=\"https:\/\/www.mares-enginyers.com\/ca\/inici\/fotovoltaica-cat\/\" \/>\n<meta property=\"og:site_name\" content=\"Mar\u00e9s Enginyers\" \/>\n<meta property=\"article:publisher\" content=\"https:\/\/www.facebook.com\/maresenginyers\/\" \/>\n<meta property=\"article:modified_time\" content=\"2021-09-29T17:50:18+00:00\" \/>\n<meta name=\"twitter:card\" content=\"summary\" \/>\n<meta name=\"twitter:site\" content=\"@marcmares\" \/>\n<meta name=\"twitter:label1\" content=\"Temps estimat de lectura\" \/>\n\t<meta name=\"twitter:data1\" content=\"3 minuts\" \/>\n<script type=\"application\/ld+json\" class=\"yoast-schema-graph\">{\"@context\":\"https:\/\/schema.org\",\"@graph\":[{\"@type\":\"Organization\",\"@id\":\"https:\/\/www.mares-enginyers.com\/#organization\",\"name\":\"Mar\\u00e9s Enginyers Granollers\",\"url\":\"https:\/\/www.mares-enginyers.com\/\",\"sameAs\":[\"https:\/\/www.facebook.com\/maresenginyers\/\",\"https:\/\/es.linkedin.com\/in\/marc-mares-b138692b\",\"https:\/\/www.youtube.com\/channel\/UCV2YMImmJ-3Zps2_yHVhDkQ\",\"https:\/\/twitter.com\/marcmares\"],\"logo\":{\"@type\":\"ImageObject\",\"@id\":\"https:\/\/www.mares-enginyers.com\/#logo\",\"inLanguage\":\"ca\",\"url\":\"https:\/\/www.mares-enginyers.com\/wp-content\/uploads\/logo-mares-enginyers.png\",\"contentUrl\":\"https:\/\/www.mares-enginyers.com\/wp-content\/uploads\/logo-mares-enginyers.png\",\"width\":200,\"height\":105,\"caption\":\"Mar\\u00e9s Enginyers Granollers\"},\"image\":{\"@id\":\"https:\/\/www.mares-enginyers.com\/#logo\"}},{\"@type\":\"WebSite\",\"@id\":\"https:\/\/www.mares-enginyers.com\/#website\",\"url\":\"https:\/\/www.mares-enginyers.com\/\",\"name\":\"Mar\\u00e9s Enginyers\",\"description\":\"Otro sitio realizado con WordPress\",\"publisher\":{\"@id\":\"https:\/\/www.mares-enginyers.com\/#organization\"},\"potentialAction\":[{\"@type\":\"SearchAction\",\"target\":{\"@type\":\"EntryPoint\",\"urlTemplate\":\"https:\/\/www.mares-enginyers.com\/?s={search_term_string}\"},\"query-input\":\"required name=search_term_string\"}],\"inLanguage\":\"ca\"},{\"@type\":\"WebPage\",\"@id\":\"https:\/\/www.mares-enginyers.com\/ca\/inici\/fotovoltaica-cat\/#webpage\",\"url\":\"https:\/\/www.mares-enginyers.com\/ca\/inici\/fotovoltaica-cat\/\",\"name\":\"Fotovoltaica - Mar\\u00e9s Enginyers\",\"isPartOf\":{\"@id\":\"https:\/\/www.mares-enginyers.com\/#website\"},\"datePublished\":\"2021-09-22T17:38:33+00:00\",\"dateModified\":\"2021-09-29T17:50:18+00:00\",\"description\":\"Fotovoltaica - Mar\\u00e9s Enginyers\",\"breadcrumb\":{\"@id\":\"https:\/\/www.mares-enginyers.com\/ca\/inici\/fotovoltaica-cat\/#breadcrumb\"},\"inLanguage\":\"ca\",\"potentialAction\":[{\"@type\":\"ReadAction\",\"target\":[\"https:\/\/www.mares-enginyers.com\/ca\/inici\/fotovoltaica-cat\/\"]}]},{\"@type\":\"BreadcrumbList\",\"@id\":\"https:\/\/www.mares-enginyers.com\/ca\/inici\/fotovoltaica-cat\/#breadcrumb\",\"itemListElement\":[{\"@type\":\"ListItem\",\"position\":1,\"name\":\"Portada\",\"item\":\"https:\/\/www.mares-enginyers.com\/ca\/\"},{\"@type\":\"ListItem\",\"position\":2,\"name\":\"Inici\",\"item\":\"https:\/\/www.mares-enginyers.com\/ca\/\"},{\"@type\":\"ListItem\",\"position\":3,\"name\":\"Fotovoltaica\"}]}]}<\/script>\n<!-- \/ Yoast SEO plugin. -->","yoast_head_json":{"title":"Fotovoltaica - Mar\u00e9s Enginyers","description":"Fotovoltaica - Mar\u00e9s Enginyers","robots":{"index":"index","follow":"follow","max-snippet":"max-snippet:-1","max-image-preview":"max-image-preview:large","max-video-preview":"max-video-preview:-1"},"canonical":"https:\/\/www.mares-enginyers.com\/ca\/inici\/fotovoltaica-cat\/","og_locale":"ca_ES","og_type":"article","og_title":"Fotovoltaica - Mar\u00e9s Enginyers","og_description":"Fotovoltaica - Mar\u00e9s Enginyers","og_url":"https:\/\/www.mares-enginyers.com\/ca\/inici\/fotovoltaica-cat\/","og_site_name":"Mar\u00e9s Enginyers","article_publisher":"https:\/\/www.facebook.com\/maresenginyers\/","article_modified_time":"2021-09-29T17:50:18+00:00","twitter_card":"summary","twitter_site":"@marcmares","twitter_misc":{"Temps estimat de lectura":"3 minuts"},"schema":{"@context":"https:\/\/schema.org","@graph":[{"@type":"Organization","@id":"https:\/\/www.mares-enginyers.com\/#organization","name":"Mar\u00e9s Enginyers Granollers","url":"https:\/\/www.mares-enginyers.com\/","sameAs":["https:\/\/www.facebook.com\/maresenginyers\/","https:\/\/es.linkedin.com\/in\/marc-mares-b138692b","https:\/\/www.youtube.com\/channel\/UCV2YMImmJ-3Zps2_yHVhDkQ","https:\/\/twitter.com\/marcmares"],"logo":{"@type":"ImageObject","@id":"https:\/\/www.mares-enginyers.com\/#logo","inLanguage":"ca","url":"https:\/\/www.mares-enginyers.com\/wp-content\/uploads\/logo-mares-enginyers.png","contentUrl":"https:\/\/www.mares-enginyers.com\/wp-content\/uploads\/logo-mares-enginyers.png","width":200,"height":105,"caption":"Mar\u00e9s Enginyers Granollers"},"image":{"@id":"https:\/\/www.mares-enginyers.com\/#logo"}},{"@type":"WebSite","@id":"https:\/\/www.mares-enginyers.com\/#website","url":"https:\/\/www.mares-enginyers.com\/","name":"Mar\u00e9s Enginyers","description":"Otro sitio realizado con WordPress","publisher":{"@id":"https:\/\/www.mares-enginyers.com\/#organization"},"potentialAction":[{"@type":"SearchAction","target":{"@type":"EntryPoint","urlTemplate":"https:\/\/www.mares-enginyers.com\/?s={search_term_string}"},"query-input":"required name=search_term_string"}],"inLanguage":"ca"},{"@type":"WebPage","@id":"https:\/\/www.mares-enginyers.com\/ca\/inici\/fotovoltaica-cat\/#webpage","url":"https:\/\/www.mares-enginyers.com\/ca\/inici\/fotovoltaica-cat\/","name":"Fotovoltaica - Mar\u00e9s Enginyers","isPartOf":{"@id":"https:\/\/www.mares-enginyers.com\/#website"},"datePublished":"2021-09-22T17:38:33+00:00","dateModified":"2021-09-29T17:50:18+00:00","description":"Fotovoltaica - Mar\u00e9s Enginyers","breadcrumb":{"@id":"https:\/\/www.mares-enginyers.com\/ca\/inici\/fotovoltaica-cat\/#breadcrumb"},"inLanguage":"ca","potentialAction":[{"@type":"ReadAction","target":["https:\/\/www.mares-enginyers.com\/ca\/inici\/fotovoltaica-cat\/"]}]},{"@type":"BreadcrumbList","@id":"https:\/\/www.mares-enginyers.com\/ca\/inici\/fotovoltaica-cat\/#breadcrumb","itemListElement":[{"@type":"ListItem","position":1,"name":"Portada","item":"https:\/\/www.mares-enginyers.com\/ca\/"},{"@type":"ListItem","position":2,"name":"Inici","item":"https:\/\/www.mares-enginyers.com\/ca\/"},{"@type":"ListItem","position":3,"name":"Fotovoltaica"}]}]}},"_links":{"self":[{"href":"https:\/\/www.mares-enginyers.com\/ca\/wp-json\/wp\/v2\/pages\/6478"}],"collection":[{"href":"https:\/\/www.mares-enginyers.com\/ca\/wp-json\/wp\/v2\/pages"}],"about":[{"href":"https:\/\/www.mares-enginyers.com\/ca\/wp-json\/wp\/v2\/types\/page"}],"author":[{"embeddable":true,"href":"https:\/\/www.mares-enginyers.com\/ca\/wp-json\/wp\/v2\/users\/3"}],"replies":[{"embeddable":true,"href":"https:\/\/www.mares-enginyers.com\/ca\/wp-json\/wp\/v2\/comments?post=6478"}],"version-history":[{"count":4,"href":"https:\/\/www.mares-enginyers.com\/ca\/wp-json\/wp\/v2\/pages\/6478\/revisions"}],"predecessor-version":[{"id":6521,"href":"https:\/\/www.mares-enginyers.com\/ca\/wp-json\/wp\/v2\/pages\/6478\/revisions\/6521"}],"wp:attachment":[{"href":"https:\/\/www.mares-enginyers.com\/ca\/wp-json\/wp\/v2\/media?parent=6478"}],"curies":[{"name":"wp","href":"https:\/\/api.w.org\/{rel}","templated":true}]}}