{"id":5913,"date":"2016-08-08T13:40:31","date_gmt":"2016-08-08T11:40:31","guid":{"rendered":"http:\/\/ca.mares-enginyers.com.mialias.net\/?page_id=5913"},"modified":"2019-11-19T19:59:42","modified_gmt":"2019-11-19T17:59:42","slug":"projectes-instal%c2%b7lacions","status":"publish","type":"page","link":"https:\/\/www.mares-enginyers.com\/ca\/projectes-instal%c2%b7lacions\/","title":{"rendered":"Projectes d&#8217;instal\u00b7lacions"},"content":{"rendered":"<p>[et_pb_section fb_built=&#8221;1&#8243; fullwidth=&#8221;on&#8221; admin_label=&#8221;section&#8221; _builder_version=&#8221;3.0.47&#8243; parallax=&#8221;on&#8221;][et_pb_fullwidth_slider parallax=&#8221;on&#8221; admin_label=&#8221;Fullwidth Slider&#8221; _builder_version=&#8221;3.0.47&#8243;][et_pb_slide background_image=&#8221;http:\/\/www.mares-enginyers.com\/wp-content\/uploads\/pavello_bn.jpg&#8221; background_position=&#8221;default&#8221; background_size=&#8221;default&#8221; use_bg_overlay=&#8221;off&#8221; use_text_overlay=&#8221;off&#8221; _builder_version=&#8221;3.0.47&#8243; header_font=&#8221;||||&#8221; body_font=&#8221;||||&#8221; custom_button=&#8221;off&#8221; button_icon_placement=&#8221;right&#8221; button_on_hover=&#8221;on&#8221;]<\/p>\n<h1 class=\"me_empresa-titulo\">Projectes instal\u00b7lacions<\/h1>\n<p>[\/et_pb_slide][\/et_pb_fullwidth_slider][\/et_pb_section][et_pb_section fb_built=&#8221;1&#8243; background_color=&#8221;#2ea3f2&#8243; padding_mobile=&#8221;off&#8221; admin_label=&#8221;section&#8221; _builder_version=&#8221;3.0.47&#8243; parallax=&#8221;on&#8221; parallax_method=&#8221;off&#8221;][et_pb_row admin_label=&#8221;row&#8221; _builder_version=&#8221;3.0.47&#8243; background_size=&#8221;initial&#8221; background_position=&#8221;top_left&#8221; background_repeat=&#8221;repeat&#8221;][et_pb_column type=&#8221;4_4&#8243; _builder_version=&#8221;3.0.47&#8243; parallax=&#8221;off&#8221; parallax_method=&#8221;on&#8221;][et_pb_text background_layout=&#8221;dark&#8221; text_orientation=&#8221;center&#8221; admin_label=&#8221;Text&#8221; _builder_version=&#8221;3.0.51&#8243; background_size=&#8221;initial&#8221; background_position=&#8221;top_left&#8221; background_repeat=&#8221;repeat&#8221;]<\/p>\n<p class=\"me_sub-title\">Experts en la redacci\u00f3 de projectes el\u00e8ctrics i de climatitzaci\u00f3<\/p>\n<p>[\/et_pb_text][\/et_pb_column][\/et_pb_row][\/et_pb_section][et_pb_section fb_built=&#8221;1&#8243; admin_label=&#8221;section&#8221; _builder_version=&#8221;3.0.47&#8243;][et_pb_row admin_label=&#8221;row&#8221; _builder_version=&#8221;3.0.47&#8243; background_size=&#8221;initial&#8221; background_position=&#8221;top_left&#8221; background_repeat=&#8221;repeat&#8221;][et_pb_column type=&#8221;1_2&#8243; _builder_version=&#8221;3.0.47&#8243; parallax=&#8221;off&#8221; parallax_method=&#8221;on&#8221;][et_pb_text admin_label=&#8221;Text&#8221; module_class=&#8221;me_servicios-item&#8221; _builder_version=&#8221;3.0.47&#8243; text_font_size=&#8221;13&#8243; background_size=&#8221;initial&#8221; background_position=&#8221;top_left&#8221; background_repeat=&#8221;repeat&#8221;]<\/p>\n<h2 class=\"me_highlight\">En Mar\u00e9s Enginyers<\/h2>\n<p>[\/et_pb_text][et_pb_text admin_label=&#8221;Texto&#8221; _builder_version=&#8221;3.0.47&#8243; background_size=&#8221;initial&#8221; background_position=&#8221;top_left&#8221; background_repeat=&#8221;repeat&#8221;]<\/p>\n<p>Les instal\u00b7lacions subjectes a l\u2019aprovaci\u00f3 per part del Departament d\u2019Ind\u00fastria, requereixen la redacci\u00f3 d\u2019un projecte de legalitzaci\u00f3 espec\u00edfic. Els projectes necessaris s\u00f3n:<\/p>\n<div class=\"me_icon\">\n<ul class=\"me_icon-list\">\n<li><span class=\"me_special-star\"><i>Projecte el\u00e8ctric<\/i><\/span><\/li>\n<li><span class=\"me_special-star\"><i>Projecte de climatitzaci\u00f3 i calefacci\u00f3<\/i><\/span><\/li>\n<li><span class=\"me_special-star\"><i>Projecte de gas<\/i><\/span><\/li>\n<li><span class=\"me_special-star\"><i>Projecte de telecomunicacions<\/i><\/span><\/li>\n<\/ul>\n<\/div>\n<p>[\/et_pb_text][\/et_pb_column][et_pb_column type=&#8221;1_2&#8243; _builder_version=&#8221;3.0.47&#8243; parallax=&#8221;off&#8221; parallax_method=&#8221;on&#8221;][et_pb_image src=&#8221;https:\/\/www.mares-enginyers.com\/wp-content\/uploads\/hotel-2.jpg&#8221; align=&#8221;center&#8221; admin_label=&#8221;Imagen&#8221; _builder_version=&#8221;3.0.51&#8243;][\/et_pb_image][et_pb_image src=&#8221;https:\/\/www.mares-enginyers.com\/wp-content\/uploads\/conductes.jpg&#8221; _builder_version=&#8221;3.0.51&#8243; align=&#8221;center&#8221;][\/et_pb_image][et_pb_image src=&#8221;https:\/\/www.mares-enginyers.com\/wp-content\/uploads\/ceip3.jpg&#8221; align=&#8221;center&#8221; admin_label=&#8221;Imagen&#8221; _builder_version=&#8221;3.0.51&#8243;][\/et_pb_image][\/et_pb_column][\/et_pb_row][\/et_pb_section][et_pb_section fb_built=&#8221;1&#8243; background_color=&#8221;#2071c2&#8243; padding_mobile=&#8221;off&#8221; admin_label=&#8221;section&#8221; _builder_version=&#8221;3.0.47&#8243;][et_pb_row admin_label=&#8221;row&#8221; _builder_version=&#8221;3.0.47&#8243; background_size=&#8221;initial&#8221; background_position=&#8221;top_left&#8221; background_repeat=&#8221;repeat&#8221;][et_pb_column type=&#8221;1_4&#8243; _builder_version=&#8221;3.0.47&#8243; parallax=&#8221;off&#8221; parallax_method=&#8221;on&#8221;][et_pb_number_counter title=&#8221;Clients Satisfets&#8221; number=&#8221;100&#8243; background_layout=&#8221;dark&#8221; admin_label=&#8221;Number Counter&#8221; _builder_version=&#8221;3.0.47&#8243; number_text_color=&#8221;#2da9ff&#8221; background_size=&#8221;initial&#8221; background_position=&#8221;top_left&#8221; background_repeat=&#8221;repeat&#8221;][\/et_pb_number_counter][\/et_pb_column][et_pb_column type=&#8221;1_4&#8243; _builder_version=&#8221;3.0.47&#8243; parallax=&#8221;off&#8221; parallax_method=&#8221;on&#8221;][et_pb_number_counter title=&#8221; Llic\u00e8ncies obtingudes&#8221; number=&#8221;100&#8243; counter_color=&#8221;#2789ed&#8221; background_layout=&#8221;dark&#8221; admin_label=&#8221;Number Counter&#8221; _builder_version=&#8221;3.0.47&#8243; background_size=&#8221;initial&#8221; background_position=&#8221;top_left&#8221; background_repeat=&#8221;repeat&#8221;][\/et_pb_number_counter][\/et_pb_column][et_pb_column type=&#8221;1_4&#8243; _builder_version=&#8221;3.0.47&#8243; parallax=&#8221;off&#8221; parallax_method=&#8221;on&#8221;][et_pb_number_counter title=&#8221;Dies de dur treball&#8221; number=&#8221;365&#8243; percent_sign=&#8221;off&#8221; counter_color=&#8221;#0c4986&#8243; background_layout=&#8221;dark&#8221; admin_label=&#8221;Number Counter&#8221; _builder_version=&#8221;3.0.47&#8243; background_size=&#8221;initial&#8221; background_position=&#8221;top_left&#8221; background_repeat=&#8221;repeat&#8221;][\/et_pb_number_counter][\/et_pb_column][et_pb_column type=&#8221;1_4&#8243; _builder_version=&#8221;3.0.47&#8243; parallax=&#8221;off&#8221; parallax_method=&#8221;on&#8221;][et_pb_number_counter title=&#8221; Resultats satisfactoris&#8221; number=&#8221;22&#8243; percent_sign=&#8221;off&#8221; counter_color=&#8221;#153557&#8243; background_layout=&#8221;dark&#8221; admin_label=&#8221;Number Counter&#8221; _builder_version=&#8221;3.0.47&#8243; background_size=&#8221;initial&#8221; background_position=&#8221;top_left&#8221; background_repeat=&#8221;repeat&#8221;][\/et_pb_number_counter][\/et_pb_column][\/et_pb_row][\/et_pb_section][et_pb_section fb_built=&#8221;1&#8243; background_color=&#8221;#f7f7f7&#8243; admin_label=&#8221;section&#8221; _builder_version=&#8221;3.0.47&#8243;][et_pb_row admin_label=&#8221;row&#8221; _builder_version=&#8221;3.0.47&#8243; background_size=&#8221;initial&#8221; background_position=&#8221;top_left&#8221; background_repeat=&#8221;repeat&#8221;][et_pb_column type=&#8221;4_4&#8243; _builder_version=&#8221;3.0.47&#8243; parallax=&#8221;off&#8221; parallax_method=&#8221;on&#8221;][et_pb_cta title=&#8221;No dubtis a consultar-nos&#8221; button_url=&#8221;\/contacte&#8221; button_text=&#8221;Sal\u00fada&#8217;ns!&#8221; use_background_color=&#8221;off&#8221; background_layout=&#8221;light&#8221; admin_label=&#8221;Call To Action&#8221; _builder_version=&#8221;3.0.47&#8243; background_size=&#8221;initial&#8221; background_position=&#8221;top_left&#8221; background_repeat=&#8221;repeat&#8221; custom_button=&#8221;on&#8221; button_border_radius=&#8221;0&#8243; button_icon=&#8221;%%5%%&#8221;][\/et_pb_cta][\/et_pb_column][\/et_pb_row][\/et_pb_section][et_pb_section fb_built=&#8221;1&#8243; fullwidth=&#8221;on&#8221; admin_label=&#8221;Secci\u00f3n&#8221; _builder_version=&#8221;3.0.47&#8243;][et_pb_fullwidth_portfolio title=&#8221;Projectes Relacionats&#8221; include_categories=&#8221;77&#8243; admin_label=&#8221;Portafolios de anchura completa&#8221; _builder_version=&#8221;3.0.47&#8243; title_font_size=&#8221;26&#8243; caption_font_size=&#8221;20&#8243; background_size=&#8221;initial&#8221; background_position=&#8221;top_left&#8221; background_repeat=&#8221;repeat&#8221;][\/et_pb_fullwidth_portfolio][\/et_pb_section]<\/p>\n","protected":false},"excerpt":{"rendered":"<p>Projectes instal\u00b7lacions Experts en la redacci\u00f3 de projectes el\u00e8ctrics i de climatitzaci\u00f3 En Mar\u00e9s Enginyers Les instal\u00b7lacions subjectes a l\u2019aprovaci\u00f3 per part del Departament d\u2019Ind\u00fastria, requereixen la redacci\u00f3 d\u2019un projecte de legalitzaci\u00f3 espec\u00edfic. Els projectes necessaris s\u00f3n: Projecte el\u00e8ctric Projecte de climatitzaci\u00f3 i calefacci\u00f3 Projecte de gas Projecte de telecomunicacions<\/p>\n","protected":false},"author":3,"featured_media":0,"parent":0,"menu_order":0,"comment_status":"closed","ping_status":"closed","template":"","meta":{"_et_pb_use_builder":"on","_et_pb_old_content":"","_et_gb_content_width":""},"yoast_head":"<!-- This site is optimized with the Yoast SEO plugin v17.1 - https:\/\/yoast.com\/wordpress\/plugins\/seo\/ -->\n<title>Projectes d&#039;instal\u00b7lacions - Mar\u00e9s Enginyers<\/title>\n<meta name=\"description\" content=\"Projectes d&#039;instal\u00b7lacions - Mar\u00e9s Enginyers\" \/>\n<meta name=\"robots\" content=\"index, follow, max-snippet:-1, max-image-preview:large, max-video-preview:-1\" \/>\n<link rel=\"canonical\" href=\"https:\/\/www.mares-enginyers.com\/ca\/projectes-instal\u00b7lacions\/\" \/>\n<meta property=\"og:locale\" content=\"ca_ES\" \/>\n<meta property=\"og:type\" content=\"article\" \/>\n<meta property=\"og:title\" content=\"Projectes d&#039;instal\u00b7lacions - Mar\u00e9s Enginyers\" \/>\n<meta property=\"og:description\" content=\"Projectes d&#039;instal\u00b7lacions - Mar\u00e9s Enginyers\" \/>\n<meta property=\"og:url\" content=\"https:\/\/www.mares-enginyers.com\/ca\/projectes-instal\u00b7lacions\/\" \/>\n<meta property=\"og:site_name\" content=\"Mar\u00e9s Enginyers\" \/>\n<meta property=\"article:publisher\" content=\"https:\/\/www.facebook.com\/maresenginyers\/\" \/>\n<meta property=\"article:modified_time\" content=\"2019-11-19T17:59:42+00:00\" \/>\n<meta name=\"twitter:card\" content=\"summary\" \/>\n<meta name=\"twitter:site\" content=\"@marcmares\" \/>\n<meta name=\"twitter:label1\" content=\"Temps estimat de lectura\" \/>\n\t<meta name=\"twitter:data1\" content=\"4 minuts\" \/>\n<script type=\"application\/ld+json\" class=\"yoast-schema-graph\">{\"@context\":\"https:\/\/schema.org\",\"@graph\":[{\"@type\":\"Organization\",\"@id\":\"https:\/\/www.mares-enginyers.com\/#organization\",\"name\":\"Mar\\u00e9s Enginyers Granollers\",\"url\":\"https:\/\/www.mares-enginyers.com\/\",\"sameAs\":[\"https:\/\/www.facebook.com\/maresenginyers\/\",\"https:\/\/es.linkedin.com\/in\/marc-mares-b138692b\",\"https:\/\/www.youtube.com\/channel\/UCV2YMImmJ-3Zps2_yHVhDkQ\",\"https:\/\/twitter.com\/marcmares\"],\"logo\":{\"@type\":\"ImageObject\",\"@id\":\"https:\/\/www.mares-enginyers.com\/#logo\",\"inLanguage\":\"ca\",\"url\":\"https:\/\/www.mares-enginyers.com\/wp-content\/uploads\/logo-mares-enginyers.png\",\"contentUrl\":\"https:\/\/www.mares-enginyers.com\/wp-content\/uploads\/logo-mares-enginyers.png\",\"width\":200,\"height\":105,\"caption\":\"Mar\\u00e9s Enginyers Granollers\"},\"image\":{\"@id\":\"https:\/\/www.mares-enginyers.com\/#logo\"}},{\"@type\":\"WebSite\",\"@id\":\"https:\/\/www.mares-enginyers.com\/#website\",\"url\":\"https:\/\/www.mares-enginyers.com\/\",\"name\":\"Mar\\u00e9s Enginyers\",\"description\":\"Otro sitio realizado con WordPress\",\"publisher\":{\"@id\":\"https:\/\/www.mares-enginyers.com\/#organization\"},\"potentialAction\":[{\"@type\":\"SearchAction\",\"target\":{\"@type\":\"EntryPoint\",\"urlTemplate\":\"https:\/\/www.mares-enginyers.com\/?s={search_term_string}\"},\"query-input\":\"required name=search_term_string\"}],\"inLanguage\":\"ca\"},{\"@type\":\"WebPage\",\"@id\":\"https:\/\/www.mares-enginyers.com\/ca\/projectes-instal%c2%b7lacions\/#webpage\",\"url\":\"https:\/\/www.mares-enginyers.com\/ca\/projectes-instal%c2%b7lacions\/\",\"name\":\"Projectes d'instal\\u00b7lacions - Mar\\u00e9s Enginyers\",\"isPartOf\":{\"@id\":\"https:\/\/www.mares-enginyers.com\/#website\"},\"datePublished\":\"2016-08-08T11:40:31+00:00\",\"dateModified\":\"2019-11-19T17:59:42+00:00\",\"description\":\"Projectes d'instal\\u00b7lacions - Mar\\u00e9s Enginyers\",\"breadcrumb\":{\"@id\":\"https:\/\/www.mares-enginyers.com\/ca\/projectes-instal%c2%b7lacions\/#breadcrumb\"},\"inLanguage\":\"ca\",\"potentialAction\":[{\"@type\":\"ReadAction\",\"target\":[\"https:\/\/www.mares-enginyers.com\/ca\/projectes-instal%c2%b7lacions\/\"]}]},{\"@type\":\"BreadcrumbList\",\"@id\":\"https:\/\/www.mares-enginyers.com\/ca\/projectes-instal%c2%b7lacions\/#breadcrumb\",\"itemListElement\":[{\"@type\":\"ListItem\",\"position\":1,\"name\":\"Portada\",\"item\":\"https:\/\/www.mares-enginyers.com\/ca\/\"},{\"@type\":\"ListItem\",\"position\":2,\"name\":\"Projectes d&#8217;instal\\u00b7lacions\"}]}]}<\/script>\n<!-- \/ Yoast SEO plugin. -->","yoast_head_json":{"title":"Projectes d'instal\u00b7lacions - Mar\u00e9s Enginyers","description":"Projectes d'instal\u00b7lacions - Mar\u00e9s Enginyers","robots":{"index":"index","follow":"follow","max-snippet":"max-snippet:-1","max-image-preview":"max-image-preview:large","max-video-preview":"max-video-preview:-1"},"canonical":"https:\/\/www.mares-enginyers.com\/ca\/projectes-instal\u00b7lacions\/","og_locale":"ca_ES","og_type":"article","og_title":"Projectes d'instal\u00b7lacions - Mar\u00e9s Enginyers","og_description":"Projectes d'instal\u00b7lacions - Mar\u00e9s Enginyers","og_url":"https:\/\/www.mares-enginyers.com\/ca\/projectes-instal\u00b7lacions\/","og_site_name":"Mar\u00e9s Enginyers","article_publisher":"https:\/\/www.facebook.com\/maresenginyers\/","article_modified_time":"2019-11-19T17:59:42+00:00","twitter_card":"summary","twitter_site":"@marcmares","twitter_misc":{"Temps estimat de lectura":"4 minuts"},"schema":{"@context":"https:\/\/schema.org","@graph":[{"@type":"Organization","@id":"https:\/\/www.mares-enginyers.com\/#organization","name":"Mar\u00e9s Enginyers Granollers","url":"https:\/\/www.mares-enginyers.com\/","sameAs":["https:\/\/www.facebook.com\/maresenginyers\/","https:\/\/es.linkedin.com\/in\/marc-mares-b138692b","https:\/\/www.youtube.com\/channel\/UCV2YMImmJ-3Zps2_yHVhDkQ","https:\/\/twitter.com\/marcmares"],"logo":{"@type":"ImageObject","@id":"https:\/\/www.mares-enginyers.com\/#logo","inLanguage":"ca","url":"https:\/\/www.mares-enginyers.com\/wp-content\/uploads\/logo-mares-enginyers.png","contentUrl":"https:\/\/www.mares-enginyers.com\/wp-content\/uploads\/logo-mares-enginyers.png","width":200,"height":105,"caption":"Mar\u00e9s Enginyers Granollers"},"image":{"@id":"https:\/\/www.mares-enginyers.com\/#logo"}},{"@type":"WebSite","@id":"https:\/\/www.mares-enginyers.com\/#website","url":"https:\/\/www.mares-enginyers.com\/","name":"Mar\u00e9s Enginyers","description":"Otro sitio realizado con WordPress","publisher":{"@id":"https:\/\/www.mares-enginyers.com\/#organization"},"potentialAction":[{"@type":"SearchAction","target":{"@type":"EntryPoint","urlTemplate":"https:\/\/www.mares-enginyers.com\/?s={search_term_string}"},"query-input":"required name=search_term_string"}],"inLanguage":"ca"},{"@type":"WebPage","@id":"https:\/\/www.mares-enginyers.com\/ca\/projectes-instal%c2%b7lacions\/#webpage","url":"https:\/\/www.mares-enginyers.com\/ca\/projectes-instal%c2%b7lacions\/","name":"Projectes d'instal\u00b7lacions - Mar\u00e9s Enginyers","isPartOf":{"@id":"https:\/\/www.mares-enginyers.com\/#website"},"datePublished":"2016-08-08T11:40:31+00:00","dateModified":"2019-11-19T17:59:42+00:00","description":"Projectes d'instal\u00b7lacions - Mar\u00e9s Enginyers","breadcrumb":{"@id":"https:\/\/www.mares-enginyers.com\/ca\/projectes-instal%c2%b7lacions\/#breadcrumb"},"inLanguage":"ca","potentialAction":[{"@type":"ReadAction","target":["https:\/\/www.mares-enginyers.com\/ca\/projectes-instal%c2%b7lacions\/"]}]},{"@type":"BreadcrumbList","@id":"https:\/\/www.mares-enginyers.com\/ca\/projectes-instal%c2%b7lacions\/#breadcrumb","itemListElement":[{"@type":"ListItem","position":1,"name":"Portada","item":"https:\/\/www.mares-enginyers.com\/ca\/"},{"@type":"ListItem","position":2,"name":"Projectes d&#8217;instal\u00b7lacions"}]}]}},"_links":{"self":[{"href":"https:\/\/www.mares-enginyers.com\/ca\/wp-json\/wp\/v2\/pages\/5913"}],"collection":[{"href":"https:\/\/www.mares-enginyers.com\/ca\/wp-json\/wp\/v2\/pages"}],"about":[{"href":"https:\/\/www.mares-enginyers.com\/ca\/wp-json\/wp\/v2\/types\/page"}],"author":[{"embeddable":true,"href":"https:\/\/www.mares-enginyers.com\/ca\/wp-json\/wp\/v2\/users\/3"}],"replies":[{"embeddable":true,"href":"https:\/\/www.mares-enginyers.com\/ca\/wp-json\/wp\/v2\/comments?post=5913"}],"version-history":[{"count":10,"href":"https:\/\/www.mares-enginyers.com\/ca\/wp-json\/wp\/v2\/pages\/5913\/revisions"}],"predecessor-version":[{"id":6437,"href":"https:\/\/www.mares-enginyers.com\/ca\/wp-json\/wp\/v2\/pages\/5913\/revisions\/6437"}],"wp:attachment":[{"href":"https:\/\/www.mares-enginyers.com\/ca\/wp-json\/wp\/v2\/media?parent=5913"}],"curies":[{"name":"wp","href":"https:\/\/api.w.org\/{rel}","templated":true}]}}